{"id":99,"date":"2025-04-11T13:59:20","date_gmt":"2025-04-11T13:59:20","guid":{"rendered":"https:\/\/dev.ewu-software.com\/index.php\/weiterbildung-teko-und-ausweise\/"},"modified":"2025-04-11T13:59:20","modified_gmt":"2025-04-11T13:59:20","slug":"weiterbildung-teko-und-ausweise","status":"publish","type":"page","link":"https:\/\/dev.ewu-software.com\/index.php\/weiterbildung-teko-und-ausweise\/","title":{"rendered":"Weiterbildung, TEKO und Ausweise"},"content":{"rendered":"\n<h2 class=\"wp-block-heading\">Veranstaltungen, Lehrg\u00e4nge und technische Konferenz<\/h2>\n\n\n<div class=\"wp-block-image\">\n<figure class=\"aligncenter size-large\"><img decoding=\"async\" src=\"https:\/\/dev.ewu-software.com\/wp-content\/uploads\/2022\/11\/IMG_1074-scaled.jpg\" alt=\"\" class=\"wp-image-2058\"\/><figcaption class=\"wp-element-caption\">TEKO am 12.11.2022 im Hugo-Junkers-Saal, Veranstaltungszentrum am Golfpark Dessau<\/figcaption><\/figure>\n<\/div>\n\n\n<h3 class=\"wp-block-heading has-text-align-left\">Lehrg\u00e4nge<\/h3>\n\n\n\n<p>Das Luftsport Service-Center veranstaltet und organisiert seit seiner Gr\u00fcndung technische Kurse und Lehrg\u00e4nge. Hierzu z\u00e4hlen die Ausbildung von Pr\u00fcfern, Werkstattleitern, Motorenwarten, Zellewarten, Fallschirmwarten und Lehrg\u00e4nge zur Pr\u00fcfung von Bocian-Schwei\u00dfn\u00e4hten. Soweit kein besonderer Veranstaltungsort angeben ist, finden die Lehrg\u00e4nge in den R\u00e4umlichkeiten des Flugplatzes Hugo Junkers in Dessau statt.<\/p>\n\n\n\n<p>F\u00fcr einige Lehrg\u00e4nge gibt es bereits feste Termine, die jeweils auf dieser Seite bekannt gemacht werden. <strong>Anmeldungen<\/strong> sind <strong>jederzeit<\/strong> <strong>m\u00f6glich<\/strong>. <strong>Auch f\u00fcr Lehrg\u00e4nge f\u00fcr die noch kein Termin feststeht, k\u00f6nnen sich Interessenten jederzeit anmelden.<\/strong> Sobald die f\u00fcr den jeweiligen Lehrgang erforderliche Mindestteilnehmerzahl erreicht ist, wird ein Termin vereinbart oder festgelegt.<\/p>\n\n\n\n<p><\/p>\n\n\n\n<p class=\"has-black-color has-text-color has-background has-medium-font-size\" style=\"background-color:#aeecd5\"><strong>08. M\u00e4rz 2025<\/strong> (NEU): Lehrgang zur <strong>Aufrechterhaltung der Luftt\u00fcchtigkeit und Technische Leitung<\/strong> in <a href=\"https:\/\/www.fliegerclub-strausberg.de\/technische-lehrgaenge\" target=\"_blank\" rel=\"noreferrer noopener nofollow\">Strausberg<\/a> (Verbandspreis brutto 160,00 \u20ac)   <strong><a href=\"https:\/\/lsco.aero\/anmeldung-zu-einer-veranstaltung\/\" target=\"_blank\" rel=\"noreferrer noopener nofollow\">Anmeldung<\/a><\/strong><\/p>\n\n\n\n<p class=\"has-black-color has-text-color has-background has-medium-font-size\" style=\"background-color:#aeecd5\"><strong>22. &#8211; 23. M\u00e4rz 2025<\/strong> (NEU): Lehrgang f\u00fcr <strong>Inspektion der Flugzeugzelle<\/strong> in <a href=\"https:\/\/www.fliegerclub-strausberg.de\/technische-lehrgaenge\" target=\"_blank\" rel=\"noreferrer noopener nofollow\">Strausberg<\/a>  <strong><a href=\"https:\/\/lsco.aero\/anmeldung-zu-einer-veranstaltung\/\" target=\"_blank\" rel=\"noreferrer noopener nofollow\">Anmeldung<\/a><\/strong><\/p>\n\n\n\n<p class=\"has-black-color has-text-color has-background has-medium-font-size\" style=\"background-color:#aeecd5\"><strong>24. &#8211; 27. M\u00e4rz 2025<\/strong>: Lehrgang<strong> Zellewart\/ Werkstattleiter<\/strong> Reparaturen &#8222;Basis&#8220; oder Lehrgang &#8222;Heavy&#8220; <strong>Holz-\/ Gemischt- oder Faserverbundbauweise <\/strong>in <a href=\"https:\/\/www.fliegerclub-strausberg.de\/technische-lehrgaenge\" target=\"_blank\" rel=\"noreferrer noopener nofollow\">Strausberg<\/a> (Verbandspreis brutto 600,00 \u20ac je Lehrgang) <strong><a href=\"https:\/\/lsco.aero\/anmeldung-zu-einer-veranstaltung\/\" target=\"_blank\" rel=\"noreferrer noopener nofollow\">Anmeldung<\/a><\/strong><\/p>\n\n\n\n<p class=\"has-black-color has-text-color has-background has-medium-font-size\" style=\"background-color:#aeecd5\"><strong>27. September 2025<\/strong> (NEU): Lehrgang f\u00fcr <strong>Schwerpunktermittlung<\/strong> in <a href=\"https:\/\/www.fliegerclub-strausberg.de\/technische-lehrgaenge\" target=\"_blank\" rel=\"noreferrer noopener nofollow\">Strausberg<\/a> (Verbandspreis brutto 160,00 \u20ac) <strong><a href=\"https:\/\/lsco.aero\/anmeldung-zu-einer-veranstaltung\/\" target=\"_blank\" rel=\"noreferrer noopener nofollow\">Anmeldung<\/a><\/strong><\/p>\n\n\n\n<p class=\"has-black-color has-text-color has-background has-medium-font-size\" style=\"background-color:#aeecd5\"><strong>28. September 2025<\/strong> (NEU): Lehrgang <strong>Inspektion Avionik<\/strong> in <a href=\"https:\/\/www.fliegerclub-strausberg.de\/technische-lehrgaenge\" target=\"_blank\" rel=\"noreferrer noopener nofollow\">Strausberg<\/a> (Verbandspreis brutto 160,00 \u20ac) <strong><a href=\"https:\/\/lsco.aero\/anmeldung-zu-einer-veranstaltung\/\" target=\"_blank\" rel=\"noreferrer noopener nofollow\">Anmeldung<\/a><\/strong><\/p>\n\n\n\n<p class=\"has-black-color has-text-color has-background has-medium-font-size\" style=\"background-color:#dcb1bb\"><strong>14. &#8211; 16.11.2025<\/strong>: Lehrgang<strong> Fallschirmwart f\u00fcr Rettungsfallschirme<\/strong> in Dessau   <strong><a href=\"https:\/\/lsco.aero\/anmeldung-zu-einer-veranstaltung\/\" target=\"_blank\" rel=\"noreferrer noopener nofollow\">Anmeldung<\/a><\/strong><\/p>\n\n\n\n<p class=\"has-black-color has-text-color has-background has-medium-font-size\" style=\"background-color:#86a2bb\"><strong>28. &#8211; 30.11.2025<\/strong>: Lehrgang<strong> Motorenwart<\/strong> (M1 und M2) in Dessau   <strong><a href=\"https:\/\/lsco.aero\/anmeldung-zu-einer-veranstaltung\/\" target=\"_blank\" rel=\"noreferrer noopener nofollow\">Anmeldung<\/a><\/strong><\/p>\n\n\n\n<p class=\"has-black-color has-text-color has-background has-medium-font-size\" style=\"background-color:#bde3fb\"><strong>08.11.2025<\/strong>: <strong>Technische Konferenz<\/strong> (LSCO-TEKO-25) in Dessau &#8211; Junkersstra\u00dfe 52, 06847 Dessau-Ro\u00dflau, Beginn 10:00 Uhr <strong><a href=\"https:\/\/lsco.aero\/anmeldung-zu-einer-veranstaltung\/\" target=\"_blank\" rel=\"noreferrer noopener nofollow\">Anmeldung<\/a><\/strong><\/p>\n\n\n\n<p class=\"has-black-color has-text-color has-background has-medium-font-size\" style=\"background-color:#f9edcc\"><strong>Bocian-Risspr\u00fcfer-Tagung<\/strong> Termin folgt, in Dessau <strong><a href=\"https:\/\/lsco.aero\/anmeldung-zu-einer-veranstaltung\/\" target=\"_blank\" rel=\"noreferrer noopener nofollow\">Anmeldung<\/a><\/strong><\/p>\n\n\n\n<p class=\"has-black-color has-text-color has-background has-medium-font-size\" style=\"background-color:#c1cbd3\"><strong>18.10.2025<\/strong>: <strong>ARS-CS-Pr\u00fcfertagung<\/strong> in Dessau<\/p>\n\n\n\n<div class=\"wp-block-file alignleft\"><a id=\"wp-block-file--media-3508c590-8aa9-44b2-8e13-716a67136a47\" href=\"https:\/\/lsco.aero\/wp-content\/uploads\/2021\/09\/0017-B_Anmeldung-Lehrgang.pdf\" target=\"_blank\" rel=\"noreferrer noopener\"><strong>Anmeldung-Lehrgang-PDF-Formular<\/strong><\/a><a href=\"https:\/\/lsco.aero\/wp-content\/uploads\/2021\/09\/0017-B_Anmeldung-Lehrgang.pdf\" class=\"wp-block-file__button wp-element-button\" download aria-describedby=\"wp-block-file--media-3508c590-8aa9-44b2-8e13-716a67136a47\">Herunterladen<\/a><\/div>\n\n\n\n<div class=\"wp-block-file alignleft\"><a id=\"wp-block-file--media-e4ce0c91-589d-44dd-b347-ccd99c6e9b83\" href=\"https:\/\/lsco.aero\/wp-content\/uploads\/2021\/09\/0017-A_Antrag-Technischer-Ausweis-3.pdf\" target=\"_blank\" rel=\"noreferrer noopener\"><strong>Antrag-Technischer-DAeC-Ausweis<\/strong><\/a><a href=\"https:\/\/lsco.aero\/wp-content\/uploads\/2021\/09\/0017-A_Antrag-Technischer-Ausweis-3.pdf\" class=\"wp-block-file__button wp-element-button\" download aria-describedby=\"wp-block-file--media-e4ce0c91-589d-44dd-b347-ccd99c6e9b83\">Herunterladen<\/a><\/div>\n\n\n\n<blockquote class=\"wp-block-quote is-layout-flow wp-block-quote-is-layout-flow\">\n<p><\/p>\n<\/blockquote>\n\n\n\n<p><\/p>\n\n\n\n<p><\/p>\n\n\n\n<p class=\"has-black-color has-text-color has-small-font-size\">*Die vorgenannten Verbandspreise verstehen sich inklusive 19% gesetzlicher Mehrwertsteuer und gelten grunds\u00e4tzlich nur f\u00fcr Mitglieder von Vereinen, die einem der folgenden Verb\u00e4nde angeh\u00f6ren: Deutscher Aero-Club Luftfahrtverband Berlin, Luftsport-Landesverband Brandenburg e.V. , Luftsportverband Mecklenburg- Vorpommern e.V. ( LSV M-V), Luftsportverband Sachsen e.V. , Luftsportverband Sachsen-Anhalt e.V., Luftsportverband Th\u00fcringen e.V.. Weitere Preise auf Anfrage. \u00c4nderungen vorbehalten. <\/p>\n\n\n\n<p class=\"has-vivid-cyan-blue-color has-very-light-gray-background-color has-text-color has-background\"><a href=\"https:\/\/www.daec.de\/fileadmin\/user_upload\/files\/2012\/fachbereiche\/luftfahrttechnik\/20140219_TEKO_Richtlinie_2000_R8.pdf\">Grundlage f\u00fcr die LSCO-Lehrg\u00e4nge ist die Richtlinie f\u00fcr die Ausbildung und Pr\u00fcfung des technischen Personals im DAeC. Die Teilnehmer erhalten einen Technischen Ausweis des DAeC und\/oder Teilnahmebescheinigungen.<\/a><\/p>\n\n\n\n<p class=\"has-vivid-cyan-blue-color has-text-color\">Arbeitsgruppe Ausbildung des Bundesausschuss Technik des DAeC: <\/p>\n\n\n\n<p class=\"has-vivid-cyan-blue-color has-very-light-gray-background-color has-text-color has-background\"><em><a href=\"https:\/\/www.daec.de\/fachbereiche\/luftfahrttechnik-betrieb\/\">&#8222;Gut ausgebildetes technisches Personal ist eine wichtige Voraussetzung, wenn in den Luftsportvereinen das hochwertige Luftsportger\u00e4t sicher betrieben werden soll. Jeder Vereinsvorsitzende tut gut daran, vorausschauend technisch interessierte Flugsportler an die planm\u00e4\u00dfige Wartung und kleine Reparaturen des Luftsportger\u00e4tes heranzuf\u00fchren.&#8220;<\/a><\/em><a href=\"https:\/\/www.daec.de\/fachbereiche\/luftfahrttechnik-betrieb\/\"> <\/a><\/p>\n\n\n\n<p><br>\u00dcbersetzung AMC1 to Appendix II to Part-ML \u2014 Limited pilot-owner maintenance, Seite 45ff.<\/p>\n\n\n","protected":false},"excerpt":{"rendered":"<p>Veranstaltungen, Lehrg\u00e4nge und technische Konferenz Lehrg\u00e4nge Das Luftsport Service-Center veranstaltet und organisiert seit seiner Gr\u00fcndung technische Kurse und Lehrg\u00e4nge. Hierzu z\u00e4hlen die Ausbildung von Pr\u00fcfern, Werkstattleitern, Motorenwarten, Zellewarten, Fallschirmwarten und Lehrg\u00e4nge zur Pr\u00fcfung von Bocian-Schwei\u00dfn\u00e4hten. Soweit kein besonderer Veranstaltungsort angeben<\/p>\n","protected":false},"author":1,"featured_media":0,"parent":0,"menu_order":0,"comment_status":"open","ping_status":"open","template":"","meta":{"footnotes":""},"class_list":["post-99","page","type-page","status-publish","hentry"],"yoast_head":"<!-- This site is optimized with the Yoast SEO plugin v24.9 - https:\/\/yoast.com\/wordpress\/plugins\/seo\/ -->\n<title>Weiterbildung, TEKO und Ausweise - Luftsport Service-Center Ost<\/title>\n<meta name=\"robots\" content=\"noindex, follow, max-snippet:-1, max-image-preview:large, max-video-preview:-1\" \/>\n<meta property=\"og:locale\" content=\"de_DE\" \/>\n<meta property=\"og:type\" content=\"article\" \/>\n<meta property=\"og:title\" content=\"Weiterbildung, TEKO und Ausweise - Luftsport Service-Center Ost\" \/>\n<meta property=\"og:description\" content=\"Veranstaltungen, Lehrg\u00e4nge und technische Konferenz Lehrg\u00e4nge Das Luftsport Service-Center veranstaltet und organisiert seit seiner Gr\u00fcndung technische Kurse und Lehrg\u00e4nge. Hierzu z\u00e4hlen die Ausbildung von Pr\u00fcfern, Werkstattleitern, Motorenwarten, Zellewarten, Fallschirmwarten und Lehrg\u00e4nge zur Pr\u00fcfung von Bocian-Schwei\u00dfn\u00e4hten. Soweit kein besonderer Veranstaltungsort angeben\" \/>\n<meta property=\"og:url\" content=\"https:\/\/dev.ewu-software.com\/index.php\/weiterbildung-teko-und-ausweise\/\" \/>\n<meta property=\"og:site_name\" content=\"Luftsport Service-Center Ost\" \/>\n<meta name=\"twitter:card\" content=\"summary_large_image\" \/>\n<meta name=\"twitter:label1\" content=\"Gesch\u00e4tzte Lesezeit\" \/>\n\t<meta name=\"twitter:data1\" content=\"2\u00a0Minuten\" \/>\n<script type=\"application\/ld+json\" class=\"yoast-schema-graph\">{\"@context\":\"https:\/\/schema.org\",\"@graph\":[{\"@type\":\"WebPage\",\"@id\":\"https:\/\/dev.ewu-software.com\/index.php\/weiterbildung-teko-und-ausweise\/\",\"url\":\"https:\/\/dev.ewu-software.com\/index.php\/weiterbildung-teko-und-ausweise\/\",\"name\":\"Weiterbildung, TEKO und Ausweise - Luftsport Service-Center Ost\",\"isPartOf\":{\"@id\":\"https:\/\/dev.ewu-software.com\/#website\"},\"primaryImageOfPage\":{\"@id\":\"https:\/\/dev.ewu-software.com\/index.php\/weiterbildung-teko-und-ausweise\/#primaryimage\"},\"image\":{\"@id\":\"https:\/\/dev.ewu-software.com\/index.php\/weiterbildung-teko-und-ausweise\/#primaryimage\"},\"thumbnailUrl\":\"https:\/\/dev.ewu-software.com\/wp-content\/uploads\/2022\/11\/IMG_1074-scaled.jpg\",\"datePublished\":\"2025-04-11T13:59:20+00:00\",\"breadcrumb\":{\"@id\":\"https:\/\/dev.ewu-software.com\/index.php\/weiterbildung-teko-und-ausweise\/#breadcrumb\"},\"inLanguage\":\"de\",\"potentialAction\":[{\"@type\":\"ReadAction\",\"target\":[\"https:\/\/dev.ewu-software.com\/index.php\/weiterbildung-teko-und-ausweise\/\"]}]},{\"@type\":\"ImageObject\",\"inLanguage\":\"de\",\"@id\":\"https:\/\/dev.ewu-software.com\/index.php\/weiterbildung-teko-und-ausweise\/#primaryimage\",\"url\":\"\",\"contentUrl\":\"\"},{\"@type\":\"BreadcrumbList\",\"@id\":\"https:\/\/dev.ewu-software.com\/index.php\/weiterbildung-teko-und-ausweise\/#breadcrumb\",\"itemListElement\":[{\"@type\":\"ListItem\",\"position\":1,\"name\":\"Startseite\",\"item\":\"https:\/\/dev.ewu-software.com\/\"},{\"@type\":\"ListItem\",\"position\":2,\"name\":\"Weiterbildung, TEKO und Ausweise\"}]},{\"@type\":\"WebSite\",\"@id\":\"https:\/\/dev.ewu-software.com\/#website\",\"url\":\"https:\/\/dev.ewu-software.com\/\",\"name\":\"Luftsport Service-Center Ost\",\"description\":\"CAO, CAO nat\",\"publisher\":{\"@id\":\"https:\/\/dev.ewu-software.com\/#organization\"},\"potentialAction\":[{\"@type\":\"SearchAction\",\"target\":{\"@type\":\"EntryPoint\",\"urlTemplate\":\"https:\/\/dev.ewu-software.com\/?s={search_term_string}\"},\"query-input\":{\"@type\":\"PropertyValueSpecification\",\"valueRequired\":true,\"valueName\":\"search_term_string\"}}],\"inLanguage\":\"de\"},{\"@type\":\"Organization\",\"@id\":\"https:\/\/dev.ewu-software.com\/#organization\",\"name\":\"Luftsport Service-Center Ost\",\"url\":\"https:\/\/dev.ewu-software.com\/\",\"logo\":{\"@type\":\"ImageObject\",\"inLanguage\":\"de\",\"@id\":\"https:\/\/dev.ewu-software.com\/#\/schema\/logo\/image\/\",\"url\":\"https:\/\/dev.ewu-software.com\/wp-content\/uploads\/2025\/04\/LSCO-002.jpg-300x257-1.png\",\"contentUrl\":\"https:\/\/dev.ewu-software.com\/wp-content\/uploads\/2025\/04\/LSCO-002.jpg-300x257-1.png\",\"width\":300,\"height\":257,\"caption\":\"Luftsport Service-Center Ost\"},\"image\":{\"@id\":\"https:\/\/dev.ewu-software.com\/#\/schema\/logo\/image\/\"}}]}<\/script>\n<!-- \/ Yoast SEO plugin. -->","yoast_head_json":{"title":"Weiterbildung, TEKO und Ausweise - Luftsport Service-Center Ost","robots":{"index":"noindex","follow":"follow","max-snippet":"max-snippet:-1","max-image-preview":"max-image-preview:large","max-video-preview":"max-video-preview:-1"},"og_locale":"de_DE","og_type":"article","og_title":"Weiterbildung, TEKO und Ausweise - Luftsport Service-Center Ost","og_description":"Veranstaltungen, Lehrg\u00e4nge und technische Konferenz Lehrg\u00e4nge Das Luftsport Service-Center veranstaltet und organisiert seit seiner Gr\u00fcndung technische Kurse und Lehrg\u00e4nge. Hierzu z\u00e4hlen die Ausbildung von Pr\u00fcfern, Werkstattleitern, Motorenwarten, Zellewarten, Fallschirmwarten und Lehrg\u00e4nge zur Pr\u00fcfung von Bocian-Schwei\u00dfn\u00e4hten. Soweit kein besonderer Veranstaltungsort angeben","og_url":"https:\/\/dev.ewu-software.com\/index.php\/weiterbildung-teko-und-ausweise\/","og_site_name":"Luftsport Service-Center Ost","twitter_card":"summary_large_image","twitter_misc":{"Gesch\u00e4tzte Lesezeit":"2\u00a0Minuten"},"schema":{"@context":"https:\/\/schema.org","@graph":[{"@type":"WebPage","@id":"https:\/\/dev.ewu-software.com\/index.php\/weiterbildung-teko-und-ausweise\/","url":"https:\/\/dev.ewu-software.com\/index.php\/weiterbildung-teko-und-ausweise\/","name":"Weiterbildung, TEKO und Ausweise - Luftsport Service-Center Ost","isPartOf":{"@id":"https:\/\/dev.ewu-software.com\/#website"},"primaryImageOfPage":{"@id":"https:\/\/dev.ewu-software.com\/index.php\/weiterbildung-teko-und-ausweise\/#primaryimage"},"image":{"@id":"https:\/\/dev.ewu-software.com\/index.php\/weiterbildung-teko-und-ausweise\/#primaryimage"},"thumbnailUrl":"https:\/\/dev.ewu-software.com\/wp-content\/uploads\/2022\/11\/IMG_1074-scaled.jpg","datePublished":"2025-04-11T13:59:20+00:00","breadcrumb":{"@id":"https:\/\/dev.ewu-software.com\/index.php\/weiterbildung-teko-und-ausweise\/#breadcrumb"},"inLanguage":"de","potentialAction":[{"@type":"ReadAction","target":["https:\/\/dev.ewu-software.com\/index.php\/weiterbildung-teko-und-ausweise\/"]}]},{"@type":"ImageObject","inLanguage":"de","@id":"https:\/\/dev.ewu-software.com\/index.php\/weiterbildung-teko-und-ausweise\/#primaryimage","url":"","contentUrl":""},{"@type":"BreadcrumbList","@id":"https:\/\/dev.ewu-software.com\/index.php\/weiterbildung-teko-und-ausweise\/#breadcrumb","itemListElement":[{"@type":"ListItem","position":1,"name":"Startseite","item":"https:\/\/dev.ewu-software.com\/"},{"@type":"ListItem","position":2,"name":"Weiterbildung, TEKO und Ausweise"}]},{"@type":"WebSite","@id":"https:\/\/dev.ewu-software.com\/#website","url":"https:\/\/dev.ewu-software.com\/","name":"Luftsport Service-Center Ost","description":"CAO, CAO nat","publisher":{"@id":"https:\/\/dev.ewu-software.com\/#organization"},"potentialAction":[{"@type":"SearchAction","target":{"@type":"EntryPoint","urlTemplate":"https:\/\/dev.ewu-software.com\/?s={search_term_string}"},"query-input":{"@type":"PropertyValueSpecification","valueRequired":true,"valueName":"search_term_string"}}],"inLanguage":"de"},{"@type":"Organization","@id":"https:\/\/dev.ewu-software.com\/#organization","name":"Luftsport Service-Center Ost","url":"https:\/\/dev.ewu-software.com\/","logo":{"@type":"ImageObject","inLanguage":"de","@id":"https:\/\/dev.ewu-software.com\/#\/schema\/logo\/image\/","url":"https:\/\/dev.ewu-software.com\/wp-content\/uploads\/2025\/04\/LSCO-002.jpg-300x257-1.png","contentUrl":"https:\/\/dev.ewu-software.com\/wp-content\/uploads\/2025\/04\/LSCO-002.jpg-300x257-1.png","width":300,"height":257,"caption":"Luftsport Service-Center Ost"},"image":{"@id":"https:\/\/dev.ewu-software.com\/#\/schema\/logo\/image\/"}}]}},"_links":{"self":[{"href":"https:\/\/dev.ewu-software.com\/index.php\/wp-json\/wp\/v2\/pages\/99","targetHints":{"allow":["GET"]}}],"collection":[{"href":"https:\/\/dev.ewu-software.com\/index.php\/wp-json\/wp\/v2\/pages"}],"about":[{"href":"https:\/\/dev.ewu-software.com\/index.php\/wp-json\/wp\/v2\/types\/page"}],"author":[{"embeddable":true,"href":"https:\/\/dev.ewu-software.com\/index.php\/wp-json\/wp\/v2\/users\/1"}],"replies":[{"embeddable":true,"href":"https:\/\/dev.ewu-software.com\/index.php\/wp-json\/wp\/v2\/comments?post=99"}],"version-history":[{"count":0,"href":"https:\/\/dev.ewu-software.com\/index.php\/wp-json\/wp\/v2\/pages\/99\/revisions"}],"wp:attachment":[{"href":"https:\/\/dev.ewu-software.com\/index.php\/wp-json\/wp\/v2\/media?parent=99"}],"curies":[{"name":"wp","href":"https:\/\/api.w.org\/{rel}","templated":true}]}}