{"id":97,"date":"2025-04-11T13:59:17","date_gmt":"2025-04-11T13:59:17","guid":{"rendered":"https:\/\/dev.ewu-software.com\/index.php\/startseite\/"},"modified":"2025-04-14T06:30:05","modified_gmt":"2025-04-14T06:30:05","slug":"startseite","status":"publish","type":"page","link":"https:\/\/dev.ewu-software.com\/","title":{"rendered":"Startseite"},"content":{"rendered":"\n<p class=\"has-text-align-center has-vivid-cyan-blue-color has-text-color has-link-color has-medium-font-size wp-elements-8ffeb500da278064e121001fdfc14e3e\"><a href=\"https:\/\/lsco.aero\/2024\/01\/02\/hinweise-fuer-neukunden\/\"><strong>Hinweise f\u00fcr Neukunden<\/strong><\/a><\/p>\n\n\n\n<p class=\"has-text-align-center has-vivid-cyan-blue-color has-text-color has-link-color has-medium-font-size wp-elements-224e938c72cb3ac88ce9b7ebfde414da\"><a href=\"https:\/\/lsco.aero\/2022\/05\/17\/erstanmeldung-im-kundencenter\/\"><strong>Hinweise zur Erstanmeldung oder Passwortanforderung im Kundencenter<\/strong><\/a><\/p>\n\n\n\n<p class=\"has-medium-font-size\"><strong>Neukunden<\/strong> bitte <em>zuerst im <a href=\"https:\/\/lsco.aero\/auftragsschein\/\">Online-Auftragsformular<\/a> anmelden<\/em>. Alle Folgeantr\u00e4ge k\u00f6nnen dann \u00fcber das Kundencenter gestellt werden.<\/p>\n\n\n\n<p class=\"has-text-align-left has-medium-font-size\"><strong>Bitte nur Chrome, Safari oder <a href=\"https:\/\/www.microsoft.com\/de-de\/edge\/download?form=MA13FJ\">Microsoft Edge<\/a> f\u00fcr die Anmeldung im Kundencenter oder im Pr\u00fcferportal nutzen<\/strong>, bei Firefox werden die Seiten teilweise unvollst\u00e4ndig angezeigt.<\/p>\n\n\n\n<p class=\"has-medium-font-size\">Pr\u00fcfauftr\u00e4ge f\u00fcr <strong>Luftfahrzeuge, die bisher noch nicht \u00fcber LSCO gepr\u00fcft wurden<\/strong>, bitte ebenfalls zuerst im <em><a href=\"https:\/\/lsco.aero\/auftragsschein\/\">Online-Auftragsformular<\/a><\/em> anmelden.<\/p>\n\n\n\n<p class=\"has-text-align-center has-light-green-cyan-background-color has-black-color has-white-background-color has-text-color has-background has-link-color has-medium-font-size wp-elements-02d791d61e0eba9efe53f7a86b39be48\"><a href=\"https:\/\/lsco.aero\/?post_type=kundenbereich\">Luftt\u00fcchtigkeitspr\u00fcfungen (<strong>ARC<\/strong>) und <strong>Freigaben<\/strong> hier im <strong>Kundencenter<\/strong> beantragen.<\/a><\/p>\n\n\n\n<p class=\"has-text-align-center has-black-color has-light-green-cyan-background-color has-text-color has-background has-link-color has-medium-font-size wp-elements-9b96d7335446c3dac72b52356e48cb5d\"><a href=\"https:\/\/lsco.aero\/auftragsschein\/\">Pr\u00fcfung von <strong>Rettungsfallschirmen<\/strong> und <strong>Startwinden<\/strong> hier \u00fcber das <strong>Online-Auftragsformular<\/strong> beantragen.<\/a><\/p>\n\n\n\n<p class=\"has-black-color has-pale-cyan-blue-background-color has-text-color has-background has-link-color has-medium-font-size wp-elements-242dc79ddb2a1d16a8740d16adf795bb\"><a href=\"https:\/\/luftsportservice.de\/terminanfrage.html\"><strong>Termin oder Angebot <\/strong>anfragen f\u00fcr Leistungen unserer LSCO-Werft auf dem Flugplatz Dessau (ARC, Inspektion, Reparatur)<\/a><\/p>\n\n\n\n<p class=\"has-very-dark-gray-color has-text-color has-medium-font-size\">Das Luftsport Service-Center Ost ist das Dienstleistungsunternehmen f\u00fcr Luftt\u00fcchtigkeitspr\u00fcfung, Instandhaltung und technische Weiterbildung der Luftsportverb\u00e4nde <a href=\"https:\/\/www.daec-berlin.de\">Deutscher Aero-Club Luftfahrtverband Berlin<\/a>, <a href=\"http:\/\/www.luftsport-bb.de\">Luftsport-Landesverband Brandenburg e.V.<\/a>, <a href=\"https:\/\/www.luftsportverband-mv.de\">Luftsportverband Mecklenburg Vorpommern e.V. ( LSV M-V)<\/a>, <a href=\"http:\/\/www.lsvsn.de\">Luftsportverband Sachsen e.V.<\/a>,&nbsp;<a href=\"https:\/\/www.lsvst.de\">Luftsportverband Sachsen-Anhalt e.V.<\/a>, <a href=\"https:\/\/www.fliegen-th\u00fcringen.de\">Luftsportverband Th\u00fcringen e.V.<\/a> und der diesen Verb\u00e4nden angeschlossenen Luftsportvereine.&nbsp;<\/p>\n\n\n\n<p><\/p>\n","protected":false},"excerpt":{"rendered":"<p>Hinweise f\u00fcr Neukunden Hinweise zur Erstanmeldung oder Passwortanforderung im Kundencenter Neukunden bitte zuerst im Online-Auftragsformular anmelden. Alle Folgeantr\u00e4ge k\u00f6nnen dann \u00fcber das Kundencenter gestellt werden. Bitte nur Chrome, Safari oder Microsoft Edge f\u00fcr die Anmeldung im Kundencenter oder im Pr\u00fcferportal<\/p>\n","protected":false},"author":1,"featured_media":0,"parent":0,"menu_order":0,"comment_status":"closed","ping_status":"open","template":"","meta":{"footnotes":""},"class_list":["post-97","page","type-page","status-publish","hentry"],"yoast_head":"<!-- This site is optimized with the Yoast SEO plugin v24.9 - https:\/\/yoast.com\/wordpress\/plugins\/seo\/ -->\n<title>Startseite - Luftsport Service-Center Ost<\/title>\n<meta name=\"robots\" content=\"noindex, follow, max-snippet:-1, max-image-preview:large, max-video-preview:-1\" \/>\n<meta property=\"og:locale\" content=\"de_DE\" \/>\n<meta property=\"og:type\" content=\"article\" \/>\n<meta property=\"og:title\" content=\"Startseite - Luftsport Service-Center Ost\" \/>\n<meta property=\"og:description\" content=\"Hinweise f\u00fcr Neukunden Hinweise zur Erstanmeldung oder Passwortanforderung im Kundencenter Neukunden bitte zuerst im Online-Auftragsformular anmelden. Alle Folgeantr\u00e4ge k\u00f6nnen dann \u00fcber das Kundencenter gestellt werden. Bitte nur Chrome, Safari oder Microsoft Edge f\u00fcr die Anmeldung im Kundencenter oder im Pr\u00fcferportal\" \/>\n<meta property=\"og:url\" content=\"https:\/\/dev.ewu-software.com\/\" \/>\n<meta property=\"og:site_name\" content=\"Luftsport Service-Center Ost\" \/>\n<meta property=\"article:modified_time\" content=\"2025-04-14T06:30:05+00:00\" \/>\n<meta name=\"twitter:card\" content=\"summary_large_image\" \/>\n<meta name=\"twitter:label1\" content=\"Gesch\u00e4tzte Lesezeit\" \/>\n\t<meta name=\"twitter:data1\" content=\"1\u00a0Minute\" \/>\n<script type=\"application\/ld+json\" class=\"yoast-schema-graph\">{\"@context\":\"https:\/\/schema.org\",\"@graph\":[{\"@type\":\"WebPage\",\"@id\":\"https:\/\/dev.ewu-software.com\/\",\"url\":\"https:\/\/dev.ewu-software.com\/\",\"name\":\"Startseite - Luftsport Service-Center Ost\",\"isPartOf\":{\"@id\":\"https:\/\/dev.ewu-software.com\/#website\"},\"datePublished\":\"2025-04-11T13:59:17+00:00\",\"dateModified\":\"2025-04-14T06:30:05+00:00\",\"breadcrumb\":{\"@id\":\"https:\/\/dev.ewu-software.com\/#breadcrumb\"},\"inLanguage\":\"de\",\"potentialAction\":[{\"@type\":\"ReadAction\",\"target\":[\"https:\/\/dev.ewu-software.com\/\"]}]},{\"@type\":\"BreadcrumbList\",\"@id\":\"https:\/\/dev.ewu-software.com\/#breadcrumb\",\"itemListElement\":[{\"@type\":\"ListItem\",\"position\":1,\"name\":\"Startseite\",\"item\":\"https:\/\/dev.ewu-software.com\/\"},{\"@type\":\"ListItem\",\"position\":2,\"name\":\"Startseite\"}]},{\"@type\":\"WebSite\",\"@id\":\"https:\/\/dev.ewu-software.com\/#website\",\"url\":\"https:\/\/dev.ewu-software.com\/\",\"name\":\"Luftsport Service-Center Ost\",\"description\":\"CAO, CAO nat\",\"publisher\":{\"@id\":\"https:\/\/dev.ewu-software.com\/#organization\"},\"potentialAction\":[{\"@type\":\"SearchAction\",\"target\":{\"@type\":\"EntryPoint\",\"urlTemplate\":\"https:\/\/dev.ewu-software.com\/?s={search_term_string}\"},\"query-input\":{\"@type\":\"PropertyValueSpecification\",\"valueRequired\":true,\"valueName\":\"search_term_string\"}}],\"inLanguage\":\"de\"},{\"@type\":\"Organization\",\"@id\":\"https:\/\/dev.ewu-software.com\/#organization\",\"name\":\"Luftsport Service-Center Ost\",\"url\":\"https:\/\/dev.ewu-software.com\/\",\"logo\":{\"@type\":\"ImageObject\",\"inLanguage\":\"de\",\"@id\":\"https:\/\/dev.ewu-software.com\/#\/schema\/logo\/image\/\",\"url\":\"https:\/\/dev.ewu-software.com\/wp-content\/uploads\/2025\/04\/LSCO-002.jpg-300x257-1.png\",\"contentUrl\":\"https:\/\/dev.ewu-software.com\/wp-content\/uploads\/2025\/04\/LSCO-002.jpg-300x257-1.png\",\"width\":300,\"height\":257,\"caption\":\"Luftsport Service-Center Ost\"},\"image\":{\"@id\":\"https:\/\/dev.ewu-software.com\/#\/schema\/logo\/image\/\"}}]}<\/script>\n<!-- \/ Yoast SEO plugin. -->","yoast_head_json":{"title":"Startseite - Luftsport Service-Center Ost","robots":{"index":"noindex","follow":"follow","max-snippet":"max-snippet:-1","max-image-preview":"max-image-preview:large","max-video-preview":"max-video-preview:-1"},"og_locale":"de_DE","og_type":"article","og_title":"Startseite - Luftsport Service-Center Ost","og_description":"Hinweise f\u00fcr Neukunden Hinweise zur Erstanmeldung oder Passwortanforderung im Kundencenter Neukunden bitte zuerst im Online-Auftragsformular anmelden. Alle Folgeantr\u00e4ge k\u00f6nnen dann \u00fcber das Kundencenter gestellt werden. Bitte nur Chrome, Safari oder Microsoft Edge f\u00fcr die Anmeldung im Kundencenter oder im Pr\u00fcferportal","og_url":"https:\/\/dev.ewu-software.com\/","og_site_name":"Luftsport Service-Center Ost","article_modified_time":"2025-04-14T06:30:05+00:00","twitter_card":"summary_large_image","twitter_misc":{"Gesch\u00e4tzte Lesezeit":"1\u00a0Minute"},"schema":{"@context":"https:\/\/schema.org","@graph":[{"@type":"WebPage","@id":"https:\/\/dev.ewu-software.com\/","url":"https:\/\/dev.ewu-software.com\/","name":"Startseite - Luftsport Service-Center Ost","isPartOf":{"@id":"https:\/\/dev.ewu-software.com\/#website"},"datePublished":"2025-04-11T13:59:17+00:00","dateModified":"2025-04-14T06:30:05+00:00","breadcrumb":{"@id":"https:\/\/dev.ewu-software.com\/#breadcrumb"},"inLanguage":"de","potentialAction":[{"@type":"ReadAction","target":["https:\/\/dev.ewu-software.com\/"]}]},{"@type":"BreadcrumbList","@id":"https:\/\/dev.ewu-software.com\/#breadcrumb","itemListElement":[{"@type":"ListItem","position":1,"name":"Startseite","item":"https:\/\/dev.ewu-software.com\/"},{"@type":"ListItem","position":2,"name":"Startseite"}]},{"@type":"WebSite","@id":"https:\/\/dev.ewu-software.com\/#website","url":"https:\/\/dev.ewu-software.com\/","name":"Luftsport Service-Center Ost","description":"CAO, CAO nat","publisher":{"@id":"https:\/\/dev.ewu-software.com\/#organization"},"potentialAction":[{"@type":"SearchAction","target":{"@type":"EntryPoint","urlTemplate":"https:\/\/dev.ewu-software.com\/?s={search_term_string}"},"query-input":{"@type":"PropertyValueSpecification","valueRequired":true,"valueName":"search_term_string"}}],"inLanguage":"de"},{"@type":"Organization","@id":"https:\/\/dev.ewu-software.com\/#organization","name":"Luftsport Service-Center Ost","url":"https:\/\/dev.ewu-software.com\/","logo":{"@type":"ImageObject","inLanguage":"de","@id":"https:\/\/dev.ewu-software.com\/#\/schema\/logo\/image\/","url":"https:\/\/dev.ewu-software.com\/wp-content\/uploads\/2025\/04\/LSCO-002.jpg-300x257-1.png","contentUrl":"https:\/\/dev.ewu-software.com\/wp-content\/uploads\/2025\/04\/LSCO-002.jpg-300x257-1.png","width":300,"height":257,"caption":"Luftsport Service-Center Ost"},"image":{"@id":"https:\/\/dev.ewu-software.com\/#\/schema\/logo\/image\/"}}]}},"_links":{"self":[{"href":"https:\/\/dev.ewu-software.com\/index.php\/wp-json\/wp\/v2\/pages\/97","targetHints":{"allow":["GET"]}}],"collection":[{"href":"https:\/\/dev.ewu-software.com\/index.php\/wp-json\/wp\/v2\/pages"}],"about":[{"href":"https:\/\/dev.ewu-software.com\/index.php\/wp-json\/wp\/v2\/types\/page"}],"author":[{"embeddable":true,"href":"https:\/\/dev.ewu-software.com\/index.php\/wp-json\/wp\/v2\/users\/1"}],"replies":[{"embeddable":true,"href":"https:\/\/dev.ewu-software.com\/index.php\/wp-json\/wp\/v2\/comments?post=97"}],"version-history":[{"count":1,"href":"https:\/\/dev.ewu-software.com\/index.php\/wp-json\/wp\/v2\/pages\/97\/revisions"}],"predecessor-version":[{"id":149,"href":"https:\/\/dev.ewu-software.com\/index.php\/wp-json\/wp\/v2\/pages\/97\/revisions\/149"}],"wp:attachment":[{"href":"https:\/\/dev.ewu-software.com\/index.php\/wp-json\/wp\/v2\/media?parent=97"}],"curies":[{"name":"wp","href":"https:\/\/api.w.org\/{rel}","templated":true}]}}