{"id":106,"date":"2025-04-11T13:59:21","date_gmt":"2025-04-11T13:59:21","guid":{"rendered":"https:\/\/dev.ewu-software.com\/index.php\/service-fuer-flugzeuge\/"},"modified":"2025-04-11T13:59:21","modified_gmt":"2025-04-11T13:59:21","slug":"service-fuer-flugzeuge","status":"publish","type":"page","link":"https:\/\/dev.ewu-software.com\/index.php\/service-fuer-flugzeuge\/","title":{"rendered":"Service f\u00fcr Flugzeuge"},"content":{"rendered":"\n<p class=\"has-medium-font-size\">Unser Kundencenter bietet Luftsportvereinen, Luftsportlerinnen und Luftsportler eine einfache \u00dcbersicht \u00fcber ihre Flugzeuge, Rettungsfallschirme und Startwinden. Dar\u00fcber hinaus k\u00f6nnen neue Pr\u00fcfauftr\u00e4ge einfach, schnell und \u00fcbersichtlich im Kundencenter erstellt werden. <a href=\"https:\/\/lsco.aero\/2022\/05\/17\/erstanmeldung-im-kundencenter\/\"><strong>Hinweise zur Erstanmeldung im Kundencenter<\/strong>.<\/a> <\/p>\n\n\n\n<p class=\"has-vivid-cyan-blue-color has-text-color has-link-color has-medium-font-size wp-elements-5c170b4987d84f0ccda7675c4b09f336\"><strong>Passwort anfordern:<\/strong> Im Kundencenter auf &#8222;Passwort vergessen?&#8220; klicken und im n\u00e4chsten Fenster die bei uns registrierte Emailadresse eintragen. Das Passwort wird dann an die eingegebene Mailadresse geschickt (ggfs Spam-Ordner checken).<\/p>\n\n\n\n<p class=\"has-text-align-center has-light-green-cyan-background-color has-black-color has-cyan-bluish-gray-background-color has-text-color has-background has-medium-font-size\"><strong><a href=\"https:\/\/lsco.aero\/?post_type=kundenbereich\">Kundencenter<\/a><\/strong> (zur Beantragung von Luftt\u00fcchtigkeitspr\u00fcfungen &#8211; ARC und Freigaben)<\/p>\n\n\n\n<p class=\"has-text-align-center has-light-green-cyan-background-color has-black-color has-cyan-bluish-gray-background-color has-text-color has-background has-medium-font-size\"><strong><a href=\"https:\/\/lsco.aero\/auftragsschein\/\">Online &#8211; Auftragsformular<\/a><\/strong> (f\u00fcr noch nicht bei uns registrierte Kunden und Luftfahrzeuge sowie Rettungsfallschirme, Startwinden, Ausweise u.a.)<\/p>\n\n\n\n<p class=\"has-text-align-center has-light-green-cyan-background-color has-black-color has-cyan-bluish-gray-background-color has-text-color has-background has-medium-font-size\"><strong><a href=\"https:\/\/luftsportservice.de\/terminanfrage.html\">Online Anfrage f\u00fcr ARC, Flugzeugwartung und Instandhaltung<\/a><\/strong> in unserer Werft auf den Flugplatz Dessau<\/p>\n\n\n\n<div class=\"wp-block-columns has-2-columns is-layout-flex wp-container-core-columns-is-layout-9d6595d7 wp-block-columns-is-layout-flex\">\n<div class=\"wp-block-column is-layout-flow wp-block-column-is-layout-flow\">\n<p class=\"has-very-dark-gray-color has-light-green-cyan-background-color has-text-color has-background has-medium-font-size\"><a href=\"https:\/\/lsco.aero\/flugzeuge__trashed\/auftraege-arc-freigaben-ihp\/\">Antr\u00e4ge (ARC und Freigaben)<\/a><\/p>\n<\/div>\n\n\n\n<div class=\"wp-block-column is-layout-flow wp-block-column-is-layout-flow\">\n<p class=\"has-very-dark-gray-color has-light-green-cyan-background-color has-text-color has-background has-medium-font-size\"><a href=\"https:\/\/ox.variomedia.de\/ajax\/share\/0b65d41b017f36c2b67824617f364255bad9d83ed180d2c3\/1\/8\/Mjk0\" target=\"_blank\" rel=\"noreferrer noopener\" aria-label=\" (\u00f6ffnet in neuem Tab)\">Formulare f\u00fcr Eigent\u00fcmer<\/a><\/p>\n<\/div>\n<\/div>\n\n\n\n<h4 class=\"wp-block-heading\">Combined Airworthiness Organisation (CAO, CAMO national)<\/h4>\n\n\n\n<p>Das Luftsport Service-Center Ost ist eine vom Luftfahrt-Bundesamt genehmigte Kombinierte Luftt\u00fcchtigkeitsorganisation. Die Genehmigungen erstrecken sich auf die Pr\u00fcfung der Luftt\u00fcchtigkeit (Airworthiness review) und die Instandhaltung von Segelflugzeugen, Motorseglern und Flugzeugen mit Kolbenflugmotoren. <\/p>\n\n\n\n<p>Zu den im Einzelnen bestehenden Berechtigungen und Einschr\u00e4nkungen wird auf den Inhalt der Genehmigungen Bezug genommen.&nbsp;<br><\/p>\n\n\n<div class=\"wp-block-image\">\n<figure class=\"aligncenter size-large\"><img decoding=\"async\" src=\"https:\/\/dev.ewu-software.com\/wp-content\/uploads\/2019\/06\/cropped-IMG_20190416_140615-1.jpeg\" alt=\"\" class=\"wp-image-1399\"\/><\/figure>\n<\/div>\n\n\n<p><\/p>\n","protected":false},"excerpt":{"rendered":"<p>Unser Kundencenter bietet Luftsportvereinen, Luftsportlerinnen und Luftsportler eine einfache \u00dcbersicht \u00fcber ihre Flugzeuge, Rettungsfallschirme und Startwinden. Dar\u00fcber hinaus k\u00f6nnen neue Pr\u00fcfauftr\u00e4ge einfach, schnell und \u00fcbersichtlich im Kundencenter erstellt werden. Hinweise zur Erstanmeldung im Kundencenter. Passwort anfordern: Im Kundencenter auf &#8222;Passwort<\/p>\n","protected":false},"author":1,"featured_media":0,"parent":0,"menu_order":0,"comment_status":"open","ping_status":"open","template":"","meta":{"footnotes":""},"class_list":["post-106","page","type-page","status-publish","hentry"],"yoast_head":"<!-- This site is optimized with the Yoast SEO plugin v24.9 - https:\/\/yoast.com\/wordpress\/plugins\/seo\/ -->\n<title>Service f\u00fcr Flugzeuge - Luftsport Service-Center Ost<\/title>\n<meta name=\"robots\" content=\"noindex, follow, max-snippet:-1, max-image-preview:large, max-video-preview:-1\" \/>\n<meta property=\"og:locale\" content=\"de_DE\" \/>\n<meta property=\"og:type\" content=\"article\" \/>\n<meta property=\"og:title\" content=\"Service f\u00fcr Flugzeuge - Luftsport Service-Center Ost\" \/>\n<meta property=\"og:description\" content=\"Unser Kundencenter bietet Luftsportvereinen, Luftsportlerinnen und Luftsportler eine einfache \u00dcbersicht \u00fcber ihre Flugzeuge, Rettungsfallschirme und Startwinden. Dar\u00fcber hinaus k\u00f6nnen neue Pr\u00fcfauftr\u00e4ge einfach, schnell und \u00fcbersichtlich im Kundencenter erstellt werden. Hinweise zur Erstanmeldung im Kundencenter. Passwort anfordern: Im Kundencenter auf &#8222;Passwort\" \/>\n<meta property=\"og:url\" content=\"https:\/\/dev.ewu-software.com\/index.php\/service-fuer-flugzeuge\/\" \/>\n<meta property=\"og:site_name\" content=\"Luftsport Service-Center Ost\" \/>\n<meta name=\"twitter:card\" content=\"summary_large_image\" \/>\n<meta name=\"twitter:label1\" content=\"Gesch\u00e4tzte Lesezeit\" \/>\n\t<meta name=\"twitter:data1\" content=\"1\u00a0Minute\" \/>\n<script type=\"application\/ld+json\" class=\"yoast-schema-graph\">{\"@context\":\"https:\/\/schema.org\",\"@graph\":[{\"@type\":\"WebPage\",\"@id\":\"https:\/\/dev.ewu-software.com\/index.php\/service-fuer-flugzeuge\/\",\"url\":\"https:\/\/dev.ewu-software.com\/index.php\/service-fuer-flugzeuge\/\",\"name\":\"Service f\u00fcr Flugzeuge - Luftsport Service-Center Ost\",\"isPartOf\":{\"@id\":\"https:\/\/dev.ewu-software.com\/#website\"},\"primaryImageOfPage\":{\"@id\":\"https:\/\/dev.ewu-software.com\/index.php\/service-fuer-flugzeuge\/#primaryimage\"},\"image\":{\"@id\":\"https:\/\/dev.ewu-software.com\/index.php\/service-fuer-flugzeuge\/#primaryimage\"},\"thumbnailUrl\":\"https:\/\/dev.ewu-software.com\/wp-content\/uploads\/2019\/06\/cropped-IMG_20190416_140615-1.jpeg\",\"datePublished\":\"2025-04-11T13:59:21+00:00\",\"breadcrumb\":{\"@id\":\"https:\/\/dev.ewu-software.com\/index.php\/service-fuer-flugzeuge\/#breadcrumb\"},\"inLanguage\":\"de\",\"potentialAction\":[{\"@type\":\"ReadAction\",\"target\":[\"https:\/\/dev.ewu-software.com\/index.php\/service-fuer-flugzeuge\/\"]}]},{\"@type\":\"ImageObject\",\"inLanguage\":\"de\",\"@id\":\"https:\/\/dev.ewu-software.com\/index.php\/service-fuer-flugzeuge\/#primaryimage\",\"url\":\"\",\"contentUrl\":\"\"},{\"@type\":\"BreadcrumbList\",\"@id\":\"https:\/\/dev.ewu-software.com\/index.php\/service-fuer-flugzeuge\/#breadcrumb\",\"itemListElement\":[{\"@type\":\"ListItem\",\"position\":1,\"name\":\"Startseite\",\"item\":\"https:\/\/dev.ewu-software.com\/\"},{\"@type\":\"ListItem\",\"position\":2,\"name\":\"Service f\u00fcr Flugzeuge\"}]},{\"@type\":\"WebSite\",\"@id\":\"https:\/\/dev.ewu-software.com\/#website\",\"url\":\"https:\/\/dev.ewu-software.com\/\",\"name\":\"Luftsport Service-Center Ost\",\"description\":\"CAO, CAO nat\",\"publisher\":{\"@id\":\"https:\/\/dev.ewu-software.com\/#organization\"},\"potentialAction\":[{\"@type\":\"SearchAction\",\"target\":{\"@type\":\"EntryPoint\",\"urlTemplate\":\"https:\/\/dev.ewu-software.com\/?s={search_term_string}\"},\"query-input\":{\"@type\":\"PropertyValueSpecification\",\"valueRequired\":true,\"valueName\":\"search_term_string\"}}],\"inLanguage\":\"de\"},{\"@type\":\"Organization\",\"@id\":\"https:\/\/dev.ewu-software.com\/#organization\",\"name\":\"Luftsport Service-Center Ost\",\"url\":\"https:\/\/dev.ewu-software.com\/\",\"logo\":{\"@type\":\"ImageObject\",\"inLanguage\":\"de\",\"@id\":\"https:\/\/dev.ewu-software.com\/#\/schema\/logo\/image\/\",\"url\":\"https:\/\/dev.ewu-software.com\/wp-content\/uploads\/2025\/04\/LSCO-002.jpg-300x257-1.png\",\"contentUrl\":\"https:\/\/dev.ewu-software.com\/wp-content\/uploads\/2025\/04\/LSCO-002.jpg-300x257-1.png\",\"width\":300,\"height\":257,\"caption\":\"Luftsport Service-Center Ost\"},\"image\":{\"@id\":\"https:\/\/dev.ewu-software.com\/#\/schema\/logo\/image\/\"}}]}<\/script>\n<!-- \/ Yoast SEO plugin. -->","yoast_head_json":{"title":"Service f\u00fcr Flugzeuge - Luftsport Service-Center Ost","robots":{"index":"noindex","follow":"follow","max-snippet":"max-snippet:-1","max-image-preview":"max-image-preview:large","max-video-preview":"max-video-preview:-1"},"og_locale":"de_DE","og_type":"article","og_title":"Service f\u00fcr Flugzeuge - Luftsport Service-Center Ost","og_description":"Unser Kundencenter bietet Luftsportvereinen, Luftsportlerinnen und Luftsportler eine einfache \u00dcbersicht \u00fcber ihre Flugzeuge, Rettungsfallschirme und Startwinden. Dar\u00fcber hinaus k\u00f6nnen neue Pr\u00fcfauftr\u00e4ge einfach, schnell und \u00fcbersichtlich im Kundencenter erstellt werden. Hinweise zur Erstanmeldung im Kundencenter. Passwort anfordern: Im Kundencenter auf &#8222;Passwort","og_url":"https:\/\/dev.ewu-software.com\/index.php\/service-fuer-flugzeuge\/","og_site_name":"Luftsport Service-Center Ost","twitter_card":"summary_large_image","twitter_misc":{"Gesch\u00e4tzte Lesezeit":"1\u00a0Minute"},"schema":{"@context":"https:\/\/schema.org","@graph":[{"@type":"WebPage","@id":"https:\/\/dev.ewu-software.com\/index.php\/service-fuer-flugzeuge\/","url":"https:\/\/dev.ewu-software.com\/index.php\/service-fuer-flugzeuge\/","name":"Service f\u00fcr Flugzeuge - Luftsport Service-Center Ost","isPartOf":{"@id":"https:\/\/dev.ewu-software.com\/#website"},"primaryImageOfPage":{"@id":"https:\/\/dev.ewu-software.com\/index.php\/service-fuer-flugzeuge\/#primaryimage"},"image":{"@id":"https:\/\/dev.ewu-software.com\/index.php\/service-fuer-flugzeuge\/#primaryimage"},"thumbnailUrl":"https:\/\/dev.ewu-software.com\/wp-content\/uploads\/2019\/06\/cropped-IMG_20190416_140615-1.jpeg","datePublished":"2025-04-11T13:59:21+00:00","breadcrumb":{"@id":"https:\/\/dev.ewu-software.com\/index.php\/service-fuer-flugzeuge\/#breadcrumb"},"inLanguage":"de","potentialAction":[{"@type":"ReadAction","target":["https:\/\/dev.ewu-software.com\/index.php\/service-fuer-flugzeuge\/"]}]},{"@type":"ImageObject","inLanguage":"de","@id":"https:\/\/dev.ewu-software.com\/index.php\/service-fuer-flugzeuge\/#primaryimage","url":"","contentUrl":""},{"@type":"BreadcrumbList","@id":"https:\/\/dev.ewu-software.com\/index.php\/service-fuer-flugzeuge\/#breadcrumb","itemListElement":[{"@type":"ListItem","position":1,"name":"Startseite","item":"https:\/\/dev.ewu-software.com\/"},{"@type":"ListItem","position":2,"name":"Service f\u00fcr Flugzeuge"}]},{"@type":"WebSite","@id":"https:\/\/dev.ewu-software.com\/#website","url":"https:\/\/dev.ewu-software.com\/","name":"Luftsport Service-Center Ost","description":"CAO, CAO nat","publisher":{"@id":"https:\/\/dev.ewu-software.com\/#organization"},"potentialAction":[{"@type":"SearchAction","target":{"@type":"EntryPoint","urlTemplate":"https:\/\/dev.ewu-software.com\/?s={search_term_string}"},"query-input":{"@type":"PropertyValueSpecification","valueRequired":true,"valueName":"search_term_string"}}],"inLanguage":"de"},{"@type":"Organization","@id":"https:\/\/dev.ewu-software.com\/#organization","name":"Luftsport Service-Center Ost","url":"https:\/\/dev.ewu-software.com\/","logo":{"@type":"ImageObject","inLanguage":"de","@id":"https:\/\/dev.ewu-software.com\/#\/schema\/logo\/image\/","url":"https:\/\/dev.ewu-software.com\/wp-content\/uploads\/2025\/04\/LSCO-002.jpg-300x257-1.png","contentUrl":"https:\/\/dev.ewu-software.com\/wp-content\/uploads\/2025\/04\/LSCO-002.jpg-300x257-1.png","width":300,"height":257,"caption":"Luftsport Service-Center Ost"},"image":{"@id":"https:\/\/dev.ewu-software.com\/#\/schema\/logo\/image\/"}}]}},"_links":{"self":[{"href":"https:\/\/dev.ewu-software.com\/index.php\/wp-json\/wp\/v2\/pages\/106","targetHints":{"allow":["GET"]}}],"collection":[{"href":"https:\/\/dev.ewu-software.com\/index.php\/wp-json\/wp\/v2\/pages"}],"about":[{"href":"https:\/\/dev.ewu-software.com\/index.php\/wp-json\/wp\/v2\/types\/page"}],"author":[{"embeddable":true,"href":"https:\/\/dev.ewu-software.com\/index.php\/wp-json\/wp\/v2\/users\/1"}],"replies":[{"embeddable":true,"href":"https:\/\/dev.ewu-software.com\/index.php\/wp-json\/wp\/v2\/comments?post=106"}],"version-history":[{"count":0,"href":"https:\/\/dev.ewu-software.com\/index.php\/wp-json\/wp\/v2\/pages\/106\/revisions"}],"wp:attachment":[{"href":"https:\/\/dev.ewu-software.com\/index.php\/wp-json\/wp\/v2\/media?parent=106"}],"curies":[{"name":"wp","href":"https:\/\/api.w.org\/{rel}","templated":true}]}}