{"id":100,"date":"2025-04-11T13:59:20","date_gmt":"2025-04-11T13:59:20","guid":{"rendered":"https:\/\/dev.ewu-software.com\/index.php\/rettungsfallschirme-und-startwinden\/"},"modified":"2025-04-11T13:59:20","modified_gmt":"2025-04-11T13:59:20","slug":"rettungsfallschirme-und-startwinden","status":"publish","type":"page","link":"https:\/\/dev.ewu-software.com\/index.php\/rettungsfallschirme-und-startwinden\/","title":{"rendered":"Rettungsfallschirme und Startwinden"},"content":{"rendered":"\n<p class=\"has-black-color has-white-background-color has-text-color has-background has-link-color has-medium-font-size wp-elements-939ebeff3b9217d309a43ea00610e3ce\"><a href=\"https:\/\/lsco.aero\/auftragsschein\/\">F\u00fcr die Antragstellung zur Pr\u00fcfung von Rettungsfallschirmen und Startwinden kann Online oder mit folgendem allgemeinen Formular erfolgen:<\/a><\/p>\n\n\n\n\n\n<p>Bei mehreren Rettungsfallschirmen sollte zus\u00e4tzlich folgendes Formular verwendet werden:<\/p>\n\n\n\n\n\n<p>Warte von Rettungsfallschirmen k\u00f6nnen das folgende Formular nutzen, um  Antr\u00e4ge zur Ausstellung von Ausweisen zu stellen:<\/p>\n\n\n\n\n\n<p>Die Pr\u00fcfung der Segelflugstartwinden erfolgt nach den Regelungen und Richtlinien des DAeC.\u00a0Abh\u00e4ngig von den Regelungen im Ausbildungshandbuch der Verb\u00e4nde, werden dort u.U. Pr\u00fcfungen der Startwinden vorgeschrieben.<\/p>\n","protected":false},"excerpt":{"rendered":"<p>F\u00fcr die Antragstellung zur Pr\u00fcfung von Rettungsfallschirmen und Startwinden kann Online oder mit folgendem allgemeinen Formular erfolgen: Bei mehreren Rettungsfallschirmen sollte zus\u00e4tzlich folgendes Formular verwendet werden: Warte von Rettungsfallschirmen k\u00f6nnen das folgende Formular nutzen, um Antr\u00e4ge zur Ausstellung von Ausweisen<\/p>\n","protected":false},"author":1,"featured_media":0,"parent":0,"menu_order":0,"comment_status":"open","ping_status":"open","template":"","meta":{"footnotes":""},"class_list":["post-100","page","type-page","status-publish","hentry"],"yoast_head":"<!-- This site is optimized with the Yoast SEO plugin v24.9 - https:\/\/yoast.com\/wordpress\/plugins\/seo\/ -->\n<title>Rettungsfallschirme und Startwinden - Luftsport Service-Center Ost<\/title>\n<meta name=\"robots\" content=\"noindex, follow, max-snippet:-1, max-image-preview:large, max-video-preview:-1\" \/>\n<meta property=\"og:locale\" content=\"de_DE\" \/>\n<meta property=\"og:type\" content=\"article\" \/>\n<meta property=\"og:title\" content=\"Rettungsfallschirme und Startwinden - Luftsport Service-Center Ost\" \/>\n<meta property=\"og:description\" content=\"F\u00fcr die Antragstellung zur Pr\u00fcfung von Rettungsfallschirmen und Startwinden kann Online oder mit folgendem allgemeinen Formular erfolgen: Bei mehreren Rettungsfallschirmen sollte zus\u00e4tzlich folgendes Formular verwendet werden: Warte von Rettungsfallschirmen k\u00f6nnen das folgende Formular nutzen, um Antr\u00e4ge zur Ausstellung von Ausweisen\" \/>\n<meta property=\"og:url\" content=\"https:\/\/dev.ewu-software.com\/index.php\/rettungsfallschirme-und-startwinden\/\" \/>\n<meta property=\"og:site_name\" content=\"Luftsport Service-Center Ost\" \/>\n<meta name=\"twitter:card\" content=\"summary_large_image\" \/>\n<script type=\"application\/ld+json\" class=\"yoast-schema-graph\">{\"@context\":\"https:\/\/schema.org\",\"@graph\":[{\"@type\":\"WebPage\",\"@id\":\"https:\/\/dev.ewu-software.com\/index.php\/rettungsfallschirme-und-startwinden\/\",\"url\":\"https:\/\/dev.ewu-software.com\/index.php\/rettungsfallschirme-und-startwinden\/\",\"name\":\"Rettungsfallschirme und Startwinden - Luftsport Service-Center Ost\",\"isPartOf\":{\"@id\":\"https:\/\/dev.ewu-software.com\/#website\"},\"datePublished\":\"2025-04-11T13:59:20+00:00\",\"breadcrumb\":{\"@id\":\"https:\/\/dev.ewu-software.com\/index.php\/rettungsfallschirme-und-startwinden\/#breadcrumb\"},\"inLanguage\":\"de\",\"potentialAction\":[{\"@type\":\"ReadAction\",\"target\":[\"https:\/\/dev.ewu-software.com\/index.php\/rettungsfallschirme-und-startwinden\/\"]}]},{\"@type\":\"BreadcrumbList\",\"@id\":\"https:\/\/dev.ewu-software.com\/index.php\/rettungsfallschirme-und-startwinden\/#breadcrumb\",\"itemListElement\":[{\"@type\":\"ListItem\",\"position\":1,\"name\":\"Startseite\",\"item\":\"https:\/\/dev.ewu-software.com\/\"},{\"@type\":\"ListItem\",\"position\":2,\"name\":\"Rettungsfallschirme und Startwinden\"}]},{\"@type\":\"WebSite\",\"@id\":\"https:\/\/dev.ewu-software.com\/#website\",\"url\":\"https:\/\/dev.ewu-software.com\/\",\"name\":\"Luftsport Service-Center Ost\",\"description\":\"CAO, CAO nat\",\"publisher\":{\"@id\":\"https:\/\/dev.ewu-software.com\/#organization\"},\"potentialAction\":[{\"@type\":\"SearchAction\",\"target\":{\"@type\":\"EntryPoint\",\"urlTemplate\":\"https:\/\/dev.ewu-software.com\/?s={search_term_string}\"},\"query-input\":{\"@type\":\"PropertyValueSpecification\",\"valueRequired\":true,\"valueName\":\"search_term_string\"}}],\"inLanguage\":\"de\"},{\"@type\":\"Organization\",\"@id\":\"https:\/\/dev.ewu-software.com\/#organization\",\"name\":\"Luftsport Service-Center Ost\",\"url\":\"https:\/\/dev.ewu-software.com\/\",\"logo\":{\"@type\":\"ImageObject\",\"inLanguage\":\"de\",\"@id\":\"https:\/\/dev.ewu-software.com\/#\/schema\/logo\/image\/\",\"url\":\"https:\/\/dev.ewu-software.com\/wp-content\/uploads\/2025\/04\/LSCO-002.jpg-300x257-1.png\",\"contentUrl\":\"https:\/\/dev.ewu-software.com\/wp-content\/uploads\/2025\/04\/LSCO-002.jpg-300x257-1.png\",\"width\":300,\"height\":257,\"caption\":\"Luftsport Service-Center Ost\"},\"image\":{\"@id\":\"https:\/\/dev.ewu-software.com\/#\/schema\/logo\/image\/\"}}]}<\/script>\n<!-- \/ Yoast SEO plugin. -->","yoast_head_json":{"title":"Rettungsfallschirme und Startwinden - Luftsport Service-Center Ost","robots":{"index":"noindex","follow":"follow","max-snippet":"max-snippet:-1","max-image-preview":"max-image-preview:large","max-video-preview":"max-video-preview:-1"},"og_locale":"de_DE","og_type":"article","og_title":"Rettungsfallschirme und Startwinden - Luftsport Service-Center Ost","og_description":"F\u00fcr die Antragstellung zur Pr\u00fcfung von Rettungsfallschirmen und Startwinden kann Online oder mit folgendem allgemeinen Formular erfolgen: Bei mehreren Rettungsfallschirmen sollte zus\u00e4tzlich folgendes Formular verwendet werden: Warte von Rettungsfallschirmen k\u00f6nnen das folgende Formular nutzen, um Antr\u00e4ge zur Ausstellung von Ausweisen","og_url":"https:\/\/dev.ewu-software.com\/index.php\/rettungsfallschirme-und-startwinden\/","og_site_name":"Luftsport Service-Center Ost","twitter_card":"summary_large_image","schema":{"@context":"https:\/\/schema.org","@graph":[{"@type":"WebPage","@id":"https:\/\/dev.ewu-software.com\/index.php\/rettungsfallschirme-und-startwinden\/","url":"https:\/\/dev.ewu-software.com\/index.php\/rettungsfallschirme-und-startwinden\/","name":"Rettungsfallschirme und Startwinden - Luftsport Service-Center Ost","isPartOf":{"@id":"https:\/\/dev.ewu-software.com\/#website"},"datePublished":"2025-04-11T13:59:20+00:00","breadcrumb":{"@id":"https:\/\/dev.ewu-software.com\/index.php\/rettungsfallschirme-und-startwinden\/#breadcrumb"},"inLanguage":"de","potentialAction":[{"@type":"ReadAction","target":["https:\/\/dev.ewu-software.com\/index.php\/rettungsfallschirme-und-startwinden\/"]}]},{"@type":"BreadcrumbList","@id":"https:\/\/dev.ewu-software.com\/index.php\/rettungsfallschirme-und-startwinden\/#breadcrumb","itemListElement":[{"@type":"ListItem","position":1,"name":"Startseite","item":"https:\/\/dev.ewu-software.com\/"},{"@type":"ListItem","position":2,"name":"Rettungsfallschirme und Startwinden"}]},{"@type":"WebSite","@id":"https:\/\/dev.ewu-software.com\/#website","url":"https:\/\/dev.ewu-software.com\/","name":"Luftsport Service-Center Ost","description":"CAO, CAO nat","publisher":{"@id":"https:\/\/dev.ewu-software.com\/#organization"},"potentialAction":[{"@type":"SearchAction","target":{"@type":"EntryPoint","urlTemplate":"https:\/\/dev.ewu-software.com\/?s={search_term_string}"},"query-input":{"@type":"PropertyValueSpecification","valueRequired":true,"valueName":"search_term_string"}}],"inLanguage":"de"},{"@type":"Organization","@id":"https:\/\/dev.ewu-software.com\/#organization","name":"Luftsport Service-Center Ost","url":"https:\/\/dev.ewu-software.com\/","logo":{"@type":"ImageObject","inLanguage":"de","@id":"https:\/\/dev.ewu-software.com\/#\/schema\/logo\/image\/","url":"https:\/\/dev.ewu-software.com\/wp-content\/uploads\/2025\/04\/LSCO-002.jpg-300x257-1.png","contentUrl":"https:\/\/dev.ewu-software.com\/wp-content\/uploads\/2025\/04\/LSCO-002.jpg-300x257-1.png","width":300,"height":257,"caption":"Luftsport Service-Center Ost"},"image":{"@id":"https:\/\/dev.ewu-software.com\/#\/schema\/logo\/image\/"}}]}},"_links":{"self":[{"href":"https:\/\/dev.ewu-software.com\/index.php\/wp-json\/wp\/v2\/pages\/100","targetHints":{"allow":["GET"]}}],"collection":[{"href":"https:\/\/dev.ewu-software.com\/index.php\/wp-json\/wp\/v2\/pages"}],"about":[{"href":"https:\/\/dev.ewu-software.com\/index.php\/wp-json\/wp\/v2\/types\/page"}],"author":[{"embeddable":true,"href":"https:\/\/dev.ewu-software.com\/index.php\/wp-json\/wp\/v2\/users\/1"}],"replies":[{"embeddable":true,"href":"https:\/\/dev.ewu-software.com\/index.php\/wp-json\/wp\/v2\/comments?post=100"}],"version-history":[{"count":0,"href":"https:\/\/dev.ewu-software.com\/index.php\/wp-json\/wp\/v2\/pages\/100\/revisions"}],"wp:attachment":[{"href":"https:\/\/dev.ewu-software.com\/index.php\/wp-json\/wp\/v2\/media?parent=100"}],"curies":[{"name":"wp","href":"https:\/\/api.w.org\/{rel}","templated":true}]}}